{"id":264,"date":"2023-06-19T10:06:03","date_gmt":"2023-06-19T10:06:03","guid":{"rendered":"https:\/\/ies.hr\/?page_id=264"},"modified":"2023-07-07T10:42:06","modified_gmt":"2023-07-07T10:42:06","slug":"careers","status":"publish","type":"page","link":"https:\/\/ies.hr\/hr\/careers\/","title":{"rendered":"Karijere"},"content":{"rendered":"<div data-elementor-type=\"wp-page\" data-elementor-id=\"264\" class=\"elementor elementor-264\" data-elementor-post-type=\"page\">\n\t\t\t\t<div class=\"elementor-element elementor-element-1053b3d e-flex e-con-boxed e-con e-parent\" data-id=\"1053b3d\" data-element_type=\"container\">\n\t\t\t\t\t<div class=\"e-con-inner\">\n\t\t\t\t<div class=\"elementor-element elementor-element-445851f elementor-invisible elementor-widget elementor-widget-heading\" data-id=\"445851f\" data-element_type=\"widget\" data-settings=\"{&quot;_animation&quot;:&quot;fadeIn&quot;}\" data-widget_type=\"heading.default\">\n\t\t\t\t<div class=\"elementor-widget-container\">\n\t\t\t\t\t<h1 class=\"elementor-heading-title elementor-size-default\">Karijere<\/h1>\t\t\t\t<\/div>\n\t\t\t\t<\/div>\n\t\t\t\t<div class=\"elementor-element elementor-element-5b1f584 elementor-invisible elementor-widget elementor-widget-text-editor\" data-id=\"5b1f584\" data-element_type=\"widget\" data-settings=\"{&quot;_animation&quot;:&quot;fadeIn&quot;,&quot;_animation_delay&quot;:200}\" data-widget_type=\"text-editor.default\">\n\t\t\t\t<div class=\"elementor-widget-container\">\n\t\t\t\t\t\t\t\t\t<p>Tvrtka I.E.S. pru\u017ea inovativna rje\u0161enja u podru\u010dju industrijske automatizacije temeljena na znanju i iskustvu stru\u010dnjaka, ste\u010denih tijekom sudjelovanja u preko stotinu industrijskih projekata u \u0161irokom spektru industrija (metalna, papirna, automobilska, energetska itd.).<\/p>\t\t\t\t\t\t\t\t<\/div>\n\t\t\t\t<\/div>\n\t\t\t\t\t<\/div>\n\t\t\t\t<\/div>\n\t\t<div class=\"elementor-element elementor-element-bd281d1 e-flex e-con-boxed elementor-invisible e-con e-parent\" data-id=\"bd281d1\" data-element_type=\"container\" data-settings=\"{&quot;animation&quot;:&quot;fadeIn&quot;,&quot;animation_delay&quot;:400}\">\n\t\t\t\t\t<div class=\"e-con-inner\">\n\t\t\t\t<div class=\"elementor-element elementor-element-4d0587a ies_careers-accordion elementor-widget elementor-widget-accordion\" data-id=\"4d0587a\" data-element_type=\"widget\" data-widget_type=\"accordion.default\">\n\t\t\t\t<div class=\"elementor-widget-container\">\n\t\t\t\t\t\t\t<div class=\"elementor-accordion\">\n\t\t\t\t\t\t\t<div class=\"elementor-accordion-item\">\n\t\t\t\t\t<h3 id=\"elementor-tab-title-8071\" class=\"elementor-tab-title\" data-tab=\"1\" role=\"button\" aria-controls=\"elementor-tab-content-8071\" aria-expanded=\"false\">\n\t\t\t\t\t\t\t\t\t\t\t\t\t<span class=\"elementor-accordion-icon elementor-accordion-icon-right\" aria-hidden=\"true\">\n\t\t\t\t\t\t\t\t\t\t\t\t\t\t\t<span class=\"elementor-accordion-icon-closed\"><svg class=\"e-font-icon-svg e-fas-plus\" viewbox=\"0 0 448 512\" xmlns=\"http:\/\/www.w3.org\/2000\/svg\"><path d=\"M416 208H272V64c0-17.67-14.33-32-32-32h-32c-17.67 0-32 14.33-32 32v144H32c-17.67 0-32 14.33-32 32v32c0 17.67 14.33 32 32 32h144v144c0 17.67 14.33 32 32 32h32c17.67 0 32-14.33 32-32V304h144c17.67 0 32-14.33 32-32v-32c0-17.67-14.33-32-32-32z\"><\/path><\/svg><\/span>\n\t\t\t\t\t\t\t\t<span class=\"elementor-accordion-icon-opened\"><svg class=\"e-font-icon-svg e-fas-minus\" viewbox=\"0 0 448 512\" xmlns=\"http:\/\/www.w3.org\/2000\/svg\"><path d=\"M416 208H32c-17.67 0-32 14.33-32 32v32c0 17.67 14.33 32 32 32h384c17.67 0 32-14.33 32-32v-32c0-17.67-14.33-32-32-32z\"><\/path><\/svg><\/span>\n\t\t\t\t\t\t\t\t\t\t\t\t\t\t<\/span>\n\t\t\t\t\t\t\t\t\t\t\t\t<a class=\"elementor-accordion-title\" tabindex=\"0\">Projektni in\u017eenjer automatizacije (m \/ f)<\/a>\n\t\t\t\t\t<\/h3>\n\t\t\t\t\t<div id=\"elementor-tab-content-8071\" class=\"elementor-tab-content elementor-clearfix\" data-tab=\"1\" role=\"region\" aria-labelledby=\"elementor-tab-title-8071\"><p class=\"translation-block\"><strong>Vrsta zaposlenja: <\/strong><span style=\"font-weight: 400\">stalno\/povremeno<\/span><\/p><p><strong>Opis posla<\/strong><\/p><p class=\"translation-block\"><span style=\"font-weight: 400\">-projektiranje i izrada elektrotehni\u010dkih nacrta<br><\/span><span style=\"font-weight: 400\">-projektiranje i pu\u0161tanje u rad sustava automatizacije (PLC\/DCS\/SCADA) i elektromotornih pogona (VFD)<\/span><\/p><p><strong>Kandidat mora biti:<\/strong><\/p><p class=\"translation-block\"><span style=\"font-weight: 400\">-proaktivan u pristupu rje\u0161avanja problema i timskom radu<br><\/span><span style=\"font-weight: 400\">-sklon novim tehnologijama i stalnom samorazvojut<br><\/span><span style=\"font-weight: 400\">-spreman na povremena putovanja radi realizacije projektnih rje\u0161enja<\/span><\/p><p><strong>Prednosti<\/strong><\/p><p class=\"translation-block\"><span style=\"font-weight: 400\">-iskustvo s PLC razvojnim alatima (Siemens, ABB, Beckhoff, Rockwell, Schneider,\u2026)<br><\/span><span style=\"font-weight: 400\">-iskustvo u izradi elektrotehni\u010dkih nacrta (EPLAN, AutoCad,\u2026)<\/span><\/p><p><strong>Obrazovanje<\/strong><\/p><p><span style=\"font-weight: 400;\">-diploma prvostupnika ili vi\u0161a.<\/span><\/p><p><strong>Jezici<\/strong><\/p><p class=\"translation-block\"><span style=\"font-weight: 400\">-engleski (obavezno)<br><\/span><span style=\"font-weight: 400\">-njema\u010dki (prednost)<\/span><\/p><p class=\"translation-block\"><span style=\"font-weight: 400\">Voza\u010dka dozvola:<\/span><span style=\"font-weight: 400\"> B<\/span><\/p><p><strong>\u0160to nudimo:<\/strong><\/p><p class=\"translation-block\"><span style=\"font-weight: 400\">-motiviraju\u0107a primanja<br><\/span><span style=\"font-weight: 400\">-rad sa suvremenim tehnologijama<br><\/span><span style=\"font-weight: 400\">-trening<\/span><\/p><p class=\"translation-block\"><span style=\"font-weight: 400\">Svoj \u017eivotopis na engleskom jeziku po\u0161aljite na <\/span><a href=\"mailto:info@ies.hr\" target=\"_self\"><span style=\"font-weight: 400\">info@ies.hr<\/span><\/a><\/p><\/div>\n\t\t\t\t<\/div>\n\t\t\t\t\t\t\t\t<\/div>\n\t\t\t\t\t\t<\/div>\n\t\t\t\t<\/div>\n\t\t\t\t<div class=\"elementor-element elementor-element-0593dc3 elementor-widget elementor-widget-html\" data-id=\"0593dc3\" data-element_type=\"widget\" data-widget_type=\"html.default\">\n\t\t\t\t<div class=\"elementor-widget-container\">\n\t\t\t\t\t<!--script>\r\njQuery(document).ready(function($) {\r\nvar delay = 300; setTimeout(function() {\r\n$('.elementor-tab-title').removeClass('elementor-active');\r\n $('.elementor-tab-content').css('display', 'none'); }, delay);\r\n});\r\n<\/script-->\t\t\t\t<\/div>\n\t\t\t\t<\/div>\n\t\t\t\t\t<\/div>\n\t\t\t\t<\/div>\n\t\t\t\t<\/div>","protected":false},"excerpt":{"rendered":"<p>I.E.S. is a company that provides innovative solutions in the field of industrial automation based on the knowledge and experience of experts, gathered during participation in over a hundred industrial projects in a wide range of industries (metal, paper, automotive, energy, etc.). Automation Project Engineer (m\/f) Type of employment: permanent\/part-time Job description -design and development [&hellip;]<\/p>","protected":false},"author":1,"featured_media":0,"parent":0,"menu_order":0,"comment_status":"closed","ping_status":"closed","template":"elementor_header_footer","meta":{"_acf_changed":false,"inline_featured_image":false,"footnotes":""},"class_list":["post-264","page","type-page","status-publish","hentry"],"acf":[],"yoast_head":"<!-- This site is optimized with the Yoast SEO plugin v26.4 - https:\/\/yoast.com\/wordpress\/plugins\/seo\/ -->\n<title>Careers &#8211; Intelligent Engineering Solutions<\/title>\n<meta name=\"robots\" content=\"index, follow, max-snippet:-1, max-image-preview:large, max-video-preview:-1\" \/>\n<link rel=\"canonical\" href=\"https:\/\/ies.hr\/hr\/careers\/\" \/>\n<meta property=\"og:locale\" content=\"hr_HR\" \/>\n<meta property=\"og:type\" content=\"article\" \/>\n<meta property=\"og:title\" content=\"Careers &#8211; Intelligent Engineering Solutions\" \/>\n<meta property=\"og:description\" content=\"I.E.S. is a company that provides innovative solutions in the field of industrial automation based on the knowledge and experience of experts, gathered during participation in over a hundred industrial projects in a wide range of industries (metal, paper, automotive, energy, etc.). Automation Project Engineer (m\/f) Type of employment: permanent\/part-time Job description -design and development [&hellip;]\" \/>\n<meta property=\"og:url\" content=\"https:\/\/ies.hr\/hr\/careers\/\" \/>\n<meta property=\"og:site_name\" content=\"Intelligent Engineering Solutions\" \/>\n<meta property=\"article:modified_time\" content=\"2023-07-07T10:42:06+00:00\" \/>\n<meta name=\"twitter:card\" content=\"summary_large_image\" \/>\n<meta name=\"twitter:label1\" content=\"Procijenjeno vrijeme \u010ditanja\" \/>\n\t<meta name=\"twitter:data1\" content=\"1 minuta\" \/>\n<script type=\"application\/ld+json\" class=\"yoast-schema-graph\">{\"@context\":\"https:\/\/schema.org\",\"@graph\":[{\"@type\":\"WebPage\",\"@id\":\"https:\/\/ies.hr\/careers\/\",\"url\":\"https:\/\/ies.hr\/careers\/\",\"name\":\"Careers &#8211; Intelligent Engineering Solutions\",\"isPartOf\":{\"@id\":\"https:\/\/ies.hr\/#website\"},\"datePublished\":\"2023-06-19T10:06:03+00:00\",\"dateModified\":\"2023-07-07T10:42:06+00:00\",\"breadcrumb\":{\"@id\":\"https:\/\/ies.hr\/careers\/#breadcrumb\"},\"inLanguage\":\"hr\",\"potentialAction\":[{\"@type\":\"ReadAction\",\"target\":[\"https:\/\/ies.hr\/careers\/\"]}]},{\"@type\":\"BreadcrumbList\",\"@id\":\"https:\/\/ies.hr\/careers\/#breadcrumb\",\"itemListElement\":[{\"@type\":\"ListItem\",\"position\":1,\"name\":\"Home\",\"item\":\"https:\/\/ies.hr\/\"},{\"@type\":\"ListItem\",\"position\":2,\"name\":\"Careers\"}]},{\"@type\":\"WebSite\",\"@id\":\"https:\/\/ies.hr\/#website\",\"url\":\"https:\/\/ies.hr\/\",\"name\":\"Intelligent Engineering Solutions\",\"description\":\"INTELLIGENT SOLUTIONS in industrial automation\",\"publisher\":{\"@id\":\"https:\/\/ies.hr\/#organization\"},\"potentialAction\":[{\"@type\":\"SearchAction\",\"target\":{\"@type\":\"EntryPoint\",\"urlTemplate\":\"https:\/\/ies.hr\/?s={search_term_string}\"},\"query-input\":{\"@type\":\"PropertyValueSpecification\",\"valueRequired\":true,\"valueName\":\"search_term_string\"}}],\"inLanguage\":\"hr\"},{\"@type\":\"Organization\",\"@id\":\"https:\/\/ies.hr\/#organization\",\"name\":\"I.E.S.\",\"alternateName\":\"Intelligent Engineering Solutions\",\"url\":\"https:\/\/ies.hr\/\",\"logo\":{\"@type\":\"ImageObject\",\"inLanguage\":\"hr\",\"@id\":\"https:\/\/ies.hr\/#\/schema\/logo\/image\/\",\"url\":\"https:\/\/ies.hr\/wp-content\/uploads\/2023\/05\/ies-logo-blue-full.svg\",\"contentUrl\":\"https:\/\/ies.hr\/wp-content\/uploads\/2023\/05\/ies-logo-blue-full.svg\",\"width\":1,\"height\":1,\"caption\":\"I.E.S.\"},\"image\":{\"@id\":\"https:\/\/ies.hr\/#\/schema\/logo\/image\/\"},\"sameAs\":[\"https:\/\/hr.linkedin.com\/company\/i-e-s-engineering-d-o-o\"]}]}<\/script>\n<!-- \/ Yoast SEO plugin. -->","yoast_head_json":{"title":"Careers &#8211; Intelligent Engineering Solutions","robots":{"index":"index","follow":"follow","max-snippet":"max-snippet:-1","max-image-preview":"max-image-preview:large","max-video-preview":"max-video-preview:-1"},"canonical":"https:\/\/ies.hr\/hr\/careers\/","og_locale":"hr_HR","og_type":"article","og_title":"Careers &#8211; Intelligent Engineering Solutions","og_description":"I.E.S. is a company that provides innovative solutions in the field of industrial automation based on the knowledge and experience of experts, gathered during participation in over a hundred industrial projects in a wide range of industries (metal, paper, automotive, energy, etc.). Automation Project Engineer (m\/f) Type of employment: permanent\/part-time Job description -design and development [&hellip;]","og_url":"https:\/\/ies.hr\/hr\/careers\/","og_site_name":"Intelligent Engineering Solutions","article_modified_time":"2023-07-07T10:42:06+00:00","twitter_card":"summary_large_image","twitter_misc":{"Procijenjeno vrijeme \u010ditanja":"1 minuta"},"schema":{"@context":"https:\/\/schema.org","@graph":[{"@type":"WebPage","@id":"https:\/\/ies.hr\/careers\/","url":"https:\/\/ies.hr\/careers\/","name":"Careers &#8211; Intelligent Engineering Solutions","isPartOf":{"@id":"https:\/\/ies.hr\/#website"},"datePublished":"2023-06-19T10:06:03+00:00","dateModified":"2023-07-07T10:42:06+00:00","breadcrumb":{"@id":"https:\/\/ies.hr\/careers\/#breadcrumb"},"inLanguage":"hr","potentialAction":[{"@type":"ReadAction","target":["https:\/\/ies.hr\/careers\/"]}]},{"@type":"BreadcrumbList","@id":"https:\/\/ies.hr\/careers\/#breadcrumb","itemListElement":[{"@type":"ListItem","position":1,"name":"Home","item":"https:\/\/ies.hr\/"},{"@type":"ListItem","position":2,"name":"Careers"}]},{"@type":"WebSite","@id":"https:\/\/ies.hr\/#website","url":"https:\/\/ies.hr\/","name":"Intelligent Engineering Solutions","description":"INTELLIGENT SOLUTIONS in industrial automation","publisher":{"@id":"https:\/\/ies.hr\/#organization"},"potentialAction":[{"@type":"SearchAction","target":{"@type":"EntryPoint","urlTemplate":"https:\/\/ies.hr\/?s={search_term_string}"},"query-input":{"@type":"PropertyValueSpecification","valueRequired":true,"valueName":"search_term_string"}}],"inLanguage":"hr"},{"@type":"Organization","@id":"https:\/\/ies.hr\/#organization","name":"I.E.S.","alternateName":"Intelligent Engineering Solutions","url":"https:\/\/ies.hr\/","logo":{"@type":"ImageObject","inLanguage":"hr","@id":"https:\/\/ies.hr\/#\/schema\/logo\/image\/","url":"https:\/\/ies.hr\/wp-content\/uploads\/2023\/05\/ies-logo-blue-full.svg","contentUrl":"https:\/\/ies.hr\/wp-content\/uploads\/2023\/05\/ies-logo-blue-full.svg","width":1,"height":1,"caption":"I.E.S."},"image":{"@id":"https:\/\/ies.hr\/#\/schema\/logo\/image\/"},"sameAs":["https:\/\/hr.linkedin.com\/company\/i-e-s-engineering-d-o-o"]}]}},"_links":{"self":[{"href":"https:\/\/ies.hr\/hr\/wp-json\/wp\/v2\/pages\/264","targetHints":{"allow":["GET"]}}],"collection":[{"href":"https:\/\/ies.hr\/hr\/wp-json\/wp\/v2\/pages"}],"about":[{"href":"https:\/\/ies.hr\/hr\/wp-json\/wp\/v2\/types\/page"}],"author":[{"embeddable":true,"href":"https:\/\/ies.hr\/hr\/wp-json\/wp\/v2\/users\/1"}],"replies":[{"embeddable":true,"href":"https:\/\/ies.hr\/hr\/wp-json\/wp\/v2\/comments?post=264"}],"version-history":[{"count":1,"href":"https:\/\/ies.hr\/hr\/wp-json\/wp\/v2\/pages\/264\/revisions"}],"predecessor-version":[{"id":2681,"href":"https:\/\/ies.hr\/hr\/wp-json\/wp\/v2\/pages\/264\/revisions\/2681"}],"wp:attachment":[{"href":"https:\/\/ies.hr\/hr\/wp-json\/wp\/v2\/media?parent=264"}],"curies":[{"name":"wp","href":"https:\/\/api.w.org\/{rel}","templated":true}]}}