{"id":254,"date":"2023-06-19T10:04:59","date_gmt":"2023-06-19T10:04:59","guid":{"rendered":"https:\/\/ies.hr\/?page_id=254"},"modified":"2023-07-07T10:37:22","modified_gmt":"2023-07-07T10:37:22","slug":"education","status":"publish","type":"page","link":"https:\/\/ies.hr\/hr\/education\/","title":{"rendered":"Obrazovanje"},"content":{"rendered":"<div data-elementor-type=\"wp-page\" data-elementor-id=\"254\" class=\"elementor elementor-254\" data-elementor-post-type=\"page\">\n\t\t\t\t<div class=\"elementor-element elementor-element-ca6cf84 e-flex e-con-boxed elementor-invisible e-con e-parent\" data-id=\"ca6cf84\" data-element_type=\"container\" data-settings=\"{&quot;animation&quot;:&quot;fadeIn&quot;}\">\n\t\t\t\t\t<div class=\"e-con-inner\">\n\t\t\t\t<div class=\"elementor-element elementor-element-daf3ded elementor-widget elementor-widget-heading\" data-id=\"daf3ded\" data-element_type=\"widget\" data-widget_type=\"heading.default\">\n\t\t\t\t<div class=\"elementor-widget-container\">\n\t\t\t\t\t<h1 class=\"elementor-heading-title elementor-size-default\">EDUKACIJE I TRENING<\/h1>\t\t\t\t<\/div>\n\t\t\t\t<\/div>\n\t\t\t\t<div class=\"elementor-element elementor-element-73af52b elementor-widget elementor-widget-text-editor\" data-id=\"73af52b\" data-element_type=\"widget\" data-widget_type=\"text-editor.default\">\n\t\t\t\t<div class=\"elementor-widget-container\">\n\t\t\t\t\t\t\t\t\t<p>I.E.S. In\u017eenjering nudi te\u010dajeve koji \u0107e vam pomo\u0107i da izgradite i pobolj\u0161ate svoje kompetencije, pobolj\u0161ate sigurnost i razvijete svoje vje\u0161tine rje\u0161avanja problema. Na\u0161i te\u010dajevi ne samo da omogu\u0107uju programiranje, uklanjanje pogre\u0161aka i odr\u017eavanje sustava, ve\u0107 pru\u017eaju interaktivno prakti\u010dno kori\u0161tenje primjera iz stvarnog svijeta.<\/p>\t\t\t\t\t\t\t\t<\/div>\n\t\t\t\t<\/div>\n\t\t\t\t\t<\/div>\n\t\t\t\t<\/div>\n\t\t<div class=\"elementor-element elementor-element-48fcb25 e-flex e-con-boxed elementor-invisible e-con e-parent\" data-id=\"48fcb25\" data-element_type=\"container\" data-settings=\"{&quot;animation&quot;:&quot;fadeIn&quot;,&quot;animation_delay&quot;:200}\">\n\t\t\t\t\t<div class=\"e-con-inner\">\n\t\t\t\t<div class=\"elementor-element elementor-element-5478407 elementor-widget elementor-widget-image\" data-id=\"5478407\" data-element_type=\"widget\" data-widget_type=\"image.default\">\n\t\t\t\t<div class=\"elementor-widget-container\">\n\t\t\t\t\t\t\t\t\t\t\t\t\t\t\t<img fetchpriority=\"high\" decoding=\"async\" width=\"1127\" height=\"632\" src=\"https:\/\/ies.hr\/wp-content\/uploads\/2023\/06\/I.E.S-edu-min.jpg\" class=\"attachment-full size-full wp-image-526\" alt=\"\" srcset=\"https:\/\/ies.hr\/wp-content\/uploads\/2023\/06\/I.E.S-edu-min.jpg 1127w, https:\/\/ies.hr\/wp-content\/uploads\/2023\/06\/I.E.S-edu-min-300x168.jpg 300w, https:\/\/ies.hr\/wp-content\/uploads\/2023\/06\/I.E.S-edu-min-1024x574.jpg 1024w, https:\/\/ies.hr\/wp-content\/uploads\/2023\/06\/I.E.S-edu-min-768x431.jpg 768w, https:\/\/ies.hr\/wp-content\/uploads\/2023\/06\/I.E.S-edu-min-600x336.jpg 600w\" sizes=\"(max-width: 1127px) 100vw, 1127px\" \/>\t\t\t\t\t\t\t\t\t\t\t\t\t\t\t<\/div>\n\t\t\t\t<\/div>\n\t\t\t\t\t<\/div>\n\t\t\t\t<\/div>\n\t\t<div class=\"elementor-element elementor-element-c7ed0bd e-flex e-con-boxed elementor-invisible e-con e-parent\" data-id=\"c7ed0bd\" data-element_type=\"container\" data-settings=\"{&quot;animation&quot;:&quot;fadeIn&quot;,&quot;animation_delay&quot;:400}\">\n\t\t\t\t\t<div class=\"e-con-inner\">\n\t\t<div class=\"elementor-element elementor-element-8d0b2b5 e-flex e-con-boxed e-con e-child\" data-id=\"8d0b2b5\" data-element_type=\"container\" data-settings=\"{&quot;background_background&quot;:&quot;classic&quot;}\">\n\t\t\t\t\t<div class=\"e-con-inner\">\n\t\t\t\t<div class=\"elementor-element elementor-element-8bb5208 elementor-widget elementor-widget-text-editor\" data-id=\"8bb5208\" data-element_type=\"widget\" data-widget_type=\"text-editor.default\">\n\t\t\t\t<div class=\"elementor-widget-container\">\n\t\t\t\t\t\t\t\t\t<p>Te\u010dajevi generalno obuhva\u0107aju sljede\u0107e teoretske i prakti\u010dne stavke te su prilagodljivi individualnim zahtjevima polaznika:<\/p>\t\t\t\t\t\t\t\t<\/div>\n\t\t\t\t<\/div>\n\t\t\t\t<div class=\"elementor-element elementor-element-63a5356 elementor-widget elementor-widget-text-editor\" data-id=\"63a5356\" data-element_type=\"widget\" data-widget_type=\"text-editor.default\">\n\t\t\t\t<div class=\"elementor-widget-container\">\n\t\t\t\t\t\t\t\t\t<ul><li>Osnove automatizacije<\/li><li>Predstavljanje programskog su\u010delja<\/li><li>Konfiguriranje ure\u0111aja i mre\u017ee<\/li><li>Struktura projekta i programa<\/li><li>Osnovne operacije programskog su\u010delja<\/li><li>Varijable i vrste podataka<\/li><li>Programske organizacijske jedinice, funkcije i funkcijski blokovi<\/li><li>Struktura i parametriranje komunikacije<\/li><li>Pu\u0161tanje u rad i rje\u0161avanje problema<\/li><li>Izrada sigurnosne kopije podataka projekta<\/li><li>Integracija HMI sustava za upravljanje i nadzor<\/li><\/ul>\t\t\t\t\t\t\t\t<\/div>\n\t\t\t\t<\/div>\n\t\t\t\t<div class=\"elementor-element elementor-element-458ab5d btn-outline dark elementor-widget elementor-widget-button\" data-id=\"458ab5d\" data-element_type=\"widget\" data-widget_type=\"button.default\">\n\t\t\t\t<div class=\"elementor-widget-container\">\n\t\t\t\t\t\t\t\t\t<div class=\"elementor-button-wrapper\">\n\t\t\t\t\t<a class=\"elementor-button elementor-button-link elementor-size-sm\" href=\"\/hr\/contact\/\">\n\t\t\t\t\t\t<span class=\"elementor-button-content-wrapper\">\n\t\t\t\t\t\t\t\t\t<span class=\"elementor-button-text\">KONTAKTIRAJTE NAS<\/span>\n\t\t\t\t\t<\/span>\n\t\t\t\t\t<\/a>\n\t\t\t\t<\/div>\n\t\t\t\t\t\t\t\t<\/div>\n\t\t\t\t<\/div>\n\t\t\t\t\t<\/div>\n\t\t\t\t<\/div>\n\t\t\t\t\t<\/div>\n\t\t\t\t<\/div>\n\t\t\t\t<\/div>","protected":false},"excerpt":{"rendered":"<p>EDUCATION &#038; TRAINING I.E.S. Engineering\u00a0provides training courses to help to build and improve your competence, enhance safety and develop your troubleshooting skills. Our training courses not only give the ability to program, debug and maintain systems, but also provide interactive hands-on utilizing real-world examples. The courses generally include the following theoretical and practical items and [&hellip;]<\/p>","protected":false},"author":1,"featured_media":0,"parent":0,"menu_order":0,"comment_status":"closed","ping_status":"closed","template":"elementor_header_footer","meta":{"_acf_changed":false,"inline_featured_image":false,"footnotes":""},"class_list":["post-254","page","type-page","status-publish","hentry"],"acf":[],"yoast_head":"<!-- This site is optimized with the Yoast SEO plugin v26.4 - https:\/\/yoast.com\/wordpress\/plugins\/seo\/ -->\n<title>Education &#8211; Intelligent Engineering Solutions<\/title>\n<meta name=\"robots\" content=\"index, follow, max-snippet:-1, max-image-preview:large, max-video-preview:-1\" \/>\n<link rel=\"canonical\" href=\"https:\/\/ies.hr\/hr\/education\/\" \/>\n<meta property=\"og:locale\" content=\"hr_HR\" \/>\n<meta property=\"og:type\" content=\"article\" \/>\n<meta property=\"og:title\" content=\"Education &#8211; Intelligent Engineering Solutions\" \/>\n<meta property=\"og:description\" content=\"EDUCATION &#038; TRAINING I.E.S. Engineering\u00a0provides training courses to help to build and improve your competence, enhance safety and develop your troubleshooting skills. Our training courses not only give the ability to program, debug and maintain systems, but also provide interactive hands-on utilizing real-world examples. The courses generally include the following theoretical and practical items and [&hellip;]\" \/>\n<meta property=\"og:url\" content=\"https:\/\/ies.hr\/hr\/education\/\" \/>\n<meta property=\"og:site_name\" content=\"Intelligent Engineering Solutions\" \/>\n<meta property=\"article:modified_time\" content=\"2023-07-07T10:37:22+00:00\" \/>\n<meta property=\"og:image\" content=\"https:\/\/ies.hr\/wp-content\/uploads\/2023\/06\/I.E.S-edu-min.jpg\" \/>\n<meta name=\"twitter:card\" content=\"summary_large_image\" \/>\n<meta name=\"twitter:label1\" content=\"Procijenjeno vrijeme \u010ditanja\" \/>\n\t<meta name=\"twitter:data1\" content=\"1 minuta\" \/>\n<script type=\"application\/ld+json\" class=\"yoast-schema-graph\">{\"@context\":\"https:\/\/schema.org\",\"@graph\":[{\"@type\":\"WebPage\",\"@id\":\"https:\/\/ies.hr\/education\/\",\"url\":\"https:\/\/ies.hr\/education\/\",\"name\":\"Education &#8211; Intelligent Engineering Solutions\",\"isPartOf\":{\"@id\":\"https:\/\/ies.hr\/#website\"},\"primaryImageOfPage\":{\"@id\":\"https:\/\/ies.hr\/education\/#primaryimage\"},\"image\":{\"@id\":\"https:\/\/ies.hr\/education\/#primaryimage\"},\"thumbnailUrl\":\"https:\/\/ies.hr\/wp-content\/uploads\/2023\/06\/I.E.S-edu-min.jpg\",\"datePublished\":\"2023-06-19T10:04:59+00:00\",\"dateModified\":\"2023-07-07T10:37:22+00:00\",\"breadcrumb\":{\"@id\":\"https:\/\/ies.hr\/education\/#breadcrumb\"},\"inLanguage\":\"hr\",\"potentialAction\":[{\"@type\":\"ReadAction\",\"target\":[\"https:\/\/ies.hr\/education\/\"]}]},{\"@type\":\"ImageObject\",\"inLanguage\":\"hr\",\"@id\":\"https:\/\/ies.hr\/education\/#primaryimage\",\"url\":\"https:\/\/ies.hr\/wp-content\/uploads\/2023\/06\/I.E.S-edu-min.jpg\",\"contentUrl\":\"https:\/\/ies.hr\/wp-content\/uploads\/2023\/06\/I.E.S-edu-min.jpg\"},{\"@type\":\"BreadcrumbList\",\"@id\":\"https:\/\/ies.hr\/education\/#breadcrumb\",\"itemListElement\":[{\"@type\":\"ListItem\",\"position\":1,\"name\":\"Home\",\"item\":\"https:\/\/ies.hr\/\"},{\"@type\":\"ListItem\",\"position\":2,\"name\":\"Education\"}]},{\"@type\":\"WebSite\",\"@id\":\"https:\/\/ies.hr\/#website\",\"url\":\"https:\/\/ies.hr\/\",\"name\":\"Intelligent Engineering Solutions\",\"description\":\"INTELLIGENT SOLUTIONS in industrial automation\",\"publisher\":{\"@id\":\"https:\/\/ies.hr\/#organization\"},\"potentialAction\":[{\"@type\":\"SearchAction\",\"target\":{\"@type\":\"EntryPoint\",\"urlTemplate\":\"https:\/\/ies.hr\/?s={search_term_string}\"},\"query-input\":{\"@type\":\"PropertyValueSpecification\",\"valueRequired\":true,\"valueName\":\"search_term_string\"}}],\"inLanguage\":\"hr\"},{\"@type\":\"Organization\",\"@id\":\"https:\/\/ies.hr\/#organization\",\"name\":\"I.E.S.\",\"alternateName\":\"Intelligent Engineering Solutions\",\"url\":\"https:\/\/ies.hr\/\",\"logo\":{\"@type\":\"ImageObject\",\"inLanguage\":\"hr\",\"@id\":\"https:\/\/ies.hr\/#\/schema\/logo\/image\/\",\"url\":\"https:\/\/ies.hr\/wp-content\/uploads\/2023\/05\/ies-logo-blue-full.svg\",\"contentUrl\":\"https:\/\/ies.hr\/wp-content\/uploads\/2023\/05\/ies-logo-blue-full.svg\",\"width\":1,\"height\":1,\"caption\":\"I.E.S.\"},\"image\":{\"@id\":\"https:\/\/ies.hr\/#\/schema\/logo\/image\/\"},\"sameAs\":[\"https:\/\/hr.linkedin.com\/company\/i-e-s-engineering-d-o-o\"]}]}<\/script>\n<!-- \/ Yoast SEO plugin. -->","yoast_head_json":{"title":"Education &#8211; Intelligent Engineering Solutions","robots":{"index":"index","follow":"follow","max-snippet":"max-snippet:-1","max-image-preview":"max-image-preview:large","max-video-preview":"max-video-preview:-1"},"canonical":"https:\/\/ies.hr\/hr\/education\/","og_locale":"hr_HR","og_type":"article","og_title":"Education &#8211; Intelligent Engineering Solutions","og_description":"EDUCATION &#038; TRAINING I.E.S. Engineering\u00a0provides training courses to help to build and improve your competence, enhance safety and develop your troubleshooting skills. Our training courses not only give the ability to program, debug and maintain systems, but also provide interactive hands-on utilizing real-world examples. The courses generally include the following theoretical and practical items and [&hellip;]","og_url":"https:\/\/ies.hr\/hr\/education\/","og_site_name":"Intelligent Engineering Solutions","article_modified_time":"2023-07-07T10:37:22+00:00","og_image":[{"url":"https:\/\/ies.hr\/wp-content\/uploads\/2023\/06\/I.E.S-edu-min.jpg","type":"","width":"","height":""}],"twitter_card":"summary_large_image","twitter_misc":{"Procijenjeno vrijeme \u010ditanja":"1 minuta"},"schema":{"@context":"https:\/\/schema.org","@graph":[{"@type":"WebPage","@id":"https:\/\/ies.hr\/education\/","url":"https:\/\/ies.hr\/education\/","name":"Education &#8211; Intelligent Engineering Solutions","isPartOf":{"@id":"https:\/\/ies.hr\/#website"},"primaryImageOfPage":{"@id":"https:\/\/ies.hr\/education\/#primaryimage"},"image":{"@id":"https:\/\/ies.hr\/education\/#primaryimage"},"thumbnailUrl":"https:\/\/ies.hr\/wp-content\/uploads\/2023\/06\/I.E.S-edu-min.jpg","datePublished":"2023-06-19T10:04:59+00:00","dateModified":"2023-07-07T10:37:22+00:00","breadcrumb":{"@id":"https:\/\/ies.hr\/education\/#breadcrumb"},"inLanguage":"hr","potentialAction":[{"@type":"ReadAction","target":["https:\/\/ies.hr\/education\/"]}]},{"@type":"ImageObject","inLanguage":"hr","@id":"https:\/\/ies.hr\/education\/#primaryimage","url":"https:\/\/ies.hr\/wp-content\/uploads\/2023\/06\/I.E.S-edu-min.jpg","contentUrl":"https:\/\/ies.hr\/wp-content\/uploads\/2023\/06\/I.E.S-edu-min.jpg"},{"@type":"BreadcrumbList","@id":"https:\/\/ies.hr\/education\/#breadcrumb","itemListElement":[{"@type":"ListItem","position":1,"name":"Home","item":"https:\/\/ies.hr\/"},{"@type":"ListItem","position":2,"name":"Education"}]},{"@type":"WebSite","@id":"https:\/\/ies.hr\/#website","url":"https:\/\/ies.hr\/","name":"Intelligent Engineering Solutions","description":"INTELLIGENT SOLUTIONS in industrial automation","publisher":{"@id":"https:\/\/ies.hr\/#organization"},"potentialAction":[{"@type":"SearchAction","target":{"@type":"EntryPoint","urlTemplate":"https:\/\/ies.hr\/?s={search_term_string}"},"query-input":{"@type":"PropertyValueSpecification","valueRequired":true,"valueName":"search_term_string"}}],"inLanguage":"hr"},{"@type":"Organization","@id":"https:\/\/ies.hr\/#organization","name":"I.E.S.","alternateName":"Intelligent Engineering Solutions","url":"https:\/\/ies.hr\/","logo":{"@type":"ImageObject","inLanguage":"hr","@id":"https:\/\/ies.hr\/#\/schema\/logo\/image\/","url":"https:\/\/ies.hr\/wp-content\/uploads\/2023\/05\/ies-logo-blue-full.svg","contentUrl":"https:\/\/ies.hr\/wp-content\/uploads\/2023\/05\/ies-logo-blue-full.svg","width":1,"height":1,"caption":"I.E.S."},"image":{"@id":"https:\/\/ies.hr\/#\/schema\/logo\/image\/"},"sameAs":["https:\/\/hr.linkedin.com\/company\/i-e-s-engineering-d-o-o"]}]}},"_links":{"self":[{"href":"https:\/\/ies.hr\/hr\/wp-json\/wp\/v2\/pages\/254","targetHints":{"allow":["GET"]}}],"collection":[{"href":"https:\/\/ies.hr\/hr\/wp-json\/wp\/v2\/pages"}],"about":[{"href":"https:\/\/ies.hr\/hr\/wp-json\/wp\/v2\/types\/page"}],"author":[{"embeddable":true,"href":"https:\/\/ies.hr\/hr\/wp-json\/wp\/v2\/users\/1"}],"replies":[{"embeddable":true,"href":"https:\/\/ies.hr\/hr\/wp-json\/wp\/v2\/comments?post=254"}],"version-history":[{"count":0,"href":"https:\/\/ies.hr\/hr\/wp-json\/wp\/v2\/pages\/254\/revisions"}],"wp:attachment":[{"href":"https:\/\/ies.hr\/hr\/wp-json\/wp\/v2\/media?parent=254"}],"curies":[{"name":"wp","href":"https:\/\/api.w.org\/{rel}","templated":true}]}}