{"id":248,"date":"2023-06-19T10:04:05","date_gmt":"2023-06-19T10:04:05","guid":{"rendered":"https:\/\/ies.hr\/?page_id=248"},"modified":"2023-07-07T10:33:25","modified_gmt":"2023-07-07T10:33:25","slug":"services","status":"publish","type":"page","link":"https:\/\/ies.hr\/hr\/services\/","title":{"rendered":"Usluge"},"content":{"rendered":"<div data-elementor-type=\"wp-page\" data-elementor-id=\"248\" class=\"elementor elementor-248\" data-elementor-post-type=\"page\">\n\t\t\t\t<div class=\"elementor-element elementor-element-ec890db e-flex e-con-boxed elementor-invisible e-con e-parent\" data-id=\"ec890db\" data-element_type=\"container\" data-settings=\"{&quot;animation&quot;:&quot;fadeIn&quot;}\">\n\t\t\t\t\t<div class=\"e-con-inner\">\n\t\t\t\t<div class=\"elementor-element elementor-element-3114400 elementor-widget elementor-widget-heading\" data-id=\"3114400\" data-element_type=\"widget\" data-widget_type=\"heading.default\">\n\t\t\t\t<div class=\"elementor-widget-container\">\n\t\t\t\t\t<h1 class=\"elementor-heading-title elementor-size-default\">Usluge<\/h1>\t\t\t\t<\/div>\n\t\t\t\t<\/div>\n\t\t\t\t<div class=\"elementor-element elementor-element-07fbb8e elementor-widget elementor-widget-text-editor\" data-id=\"07fbb8e\" data-element_type=\"widget\" data-widget_type=\"text-editor.default\">\n\t\t\t\t<div class=\"elementor-widget-container\">\n\t\t\t\t\t\t\t\t\t<p>Na\u0161e usluge obuhva\u0107aju integraciju, projektiranje i programiranje sustava automatizacije i elektromotornih pogona raznih proizvo\u0111a\u010da, izradu elektro nacrta te pu\u0161tanje u rad i nadzor u proizvodnim pogonima.<\/p>\t\t\t\t\t\t\t\t<\/div>\n\t\t\t\t<\/div>\n\t\t\t\t\t<\/div>\n\t\t\t\t<\/div>\n\t\t<div class=\"elementor-element elementor-element-9c1943d e-flex e-con-boxed elementor-invisible e-con e-parent\" data-id=\"9c1943d\" data-element_type=\"container\" data-settings=\"{&quot;animation&quot;:&quot;fadeIn&quot;,&quot;animation_delay&quot;:300}\">\n\t\t\t\t\t<div class=\"e-con-inner\">\n\t\t<div class=\"elementor-element elementor-element-c3550af e-flex e-con-boxed e-con e-child\" data-id=\"c3550af\" data-element_type=\"container\">\n\t\t\t\t\t<div class=\"e-con-inner\">\n\t\t\t\t<div class=\"elementor-element elementor-element-b9d1001 elementor-widget elementor-widget-image\" data-id=\"b9d1001\" data-element_type=\"widget\" data-widget_type=\"image.default\">\n\t\t\t\t<div class=\"elementor-widget-container\">\n\t\t\t\t\t\t\t\t\t\t\t\t\t\t\t<img fetchpriority=\"high\" decoding=\"async\" width=\"642\" height=\"320\" src=\"https:\/\/ies.hr\/wp-content\/uploads\/2023\/06\/I.E.S-6-min.jpg\" class=\"attachment-full size-full wp-image-478\" alt=\"\" srcset=\"https:\/\/ies.hr\/wp-content\/uploads\/2023\/06\/I.E.S-6-min.jpg 642w, https:\/\/ies.hr\/wp-content\/uploads\/2023\/06\/I.E.S-6-min-600x299.jpg 600w, https:\/\/ies.hr\/wp-content\/uploads\/2023\/06\/I.E.S-6-min-300x150.jpg 300w\" sizes=\"(max-width: 642px) 100vw, 642px\" \/>\t\t\t\t\t\t\t\t\t\t\t\t\t\t\t<\/div>\n\t\t\t\t<\/div>\n\t\t\t\t<div class=\"elementor-element elementor-element-e1d9f0e elementor-widget elementor-widget-image\" data-id=\"e1d9f0e\" data-element_type=\"widget\" data-widget_type=\"image.default\">\n\t\t\t\t<div class=\"elementor-widget-container\">\n\t\t\t\t\t\t\t\t\t\t\t\t\t\t\t<img decoding=\"async\" width=\"642\" height=\"320\" src=\"https:\/\/ies.hr\/wp-content\/uploads\/2023\/06\/I.E.S-8-min-1.jpg\" class=\"attachment-full size-full wp-image-502\" alt=\"\" srcset=\"https:\/\/ies.hr\/wp-content\/uploads\/2023\/06\/I.E.S-8-min-1.jpg 642w, https:\/\/ies.hr\/wp-content\/uploads\/2023\/06\/I.E.S-8-min-1-600x299.jpg 600w, https:\/\/ies.hr\/wp-content\/uploads\/2023\/06\/I.E.S-8-min-1-300x150.jpg 300w\" sizes=\"(max-width: 642px) 100vw, 642px\" \/>\t\t\t\t\t\t\t\t\t\t\t\t\t\t\t<\/div>\n\t\t\t\t<\/div>\n\t\t\t\t\t<\/div>\n\t\t\t\t<\/div>\n\t\t<div class=\"elementor-element elementor-element-e72282e e-flex e-con-boxed e-con e-child\" data-id=\"e72282e\" data-element_type=\"container\">\n\t\t\t\t\t<div class=\"e-con-inner\">\n\t\t\t\t<div class=\"elementor-element elementor-element-59cfe60 elementor-widget elementor-widget-heading\" data-id=\"59cfe60\" data-element_type=\"widget\" data-widget_type=\"heading.default\">\n\t\t\t\t<div class=\"elementor-widget-container\">\n\t\t\t\t\t<h2 class=\"elementor-heading-title elementor-size-default\">In\u017eenjering i dizajn<\/h2>\t\t\t\t<\/div>\n\t\t\t\t<\/div>\n\t\t\t\t<div class=\"elementor-element elementor-element-99e7457 elementor-widget elementor-widget-text-editor\" data-id=\"99e7457\" data-element_type=\"widget\" data-widget_type=\"text-editor.default\">\n\t\t\t\t<div class=\"elementor-widget-container\">\n\t\t\t\t\t\t\t\t\t<h6>Na\u0161e iskustvo je prikupljeno u projektima razli\u010ditih industrija poput automobilske, metalne, papirne, elektrana, otpadnih voda, pomorstva, itd.<\/h6>\t\t\t\t\t\t\t\t<\/div>\n\t\t\t\t<\/div>\n\t\t\t\t<div class=\"elementor-element elementor-element-30e79f0 ies_very-fancy-list elementor-widget elementor-widget-text-editor\" data-id=\"30e79f0\" data-element_type=\"widget\" data-widget_type=\"text-editor.default\">\n\t\t\t\t<div class=\"elementor-widget-container\">\n\t\t\t\t\t\t\t\t\t<ol><li>Priprema natje\u010dajne dokumentacije, savjetovanje i planiranjes<\/li><li>Osnovni, detaljni i monta\u017eni elektro nacrti<ol><li>ePLAN<\/li><li>AutoCAD<\/li><\/ol><\/li><li>Nadzor radova na gradili\u0161tu<\/li><li>Integracija i programiranje opreme za automatizaciju razli\u010ditih proizvo\u0111a\u010da<ol><li>Siemens<ol><li>Simatic<br \/>S7-300, S7-400, S7-400H, S7-400F, S7-1200, S7-1500, etc.<\/li><li>PCS 7, TIA, S7<\/li><li>WinCC SCADA<\/li><\/ol><\/li><li>ABB<ol><li>Advant (MP200, AC70, AC80, AC110, AC160, AC410, AC450, AC450RMC, AS500, etc.),<\/li><li>IndustrialIT (AC800M, AC500, 800xA, itd.)<\/li><li>Freelance (AC900F)<\/li><\/ol><\/li><li>B&amp;R<ol><li>Power Panel, CP3584, APC3100, APC2200<\/li><li>Aprol, MappView SCADA<\/li><\/ol><\/li><li>Schneider<ol><li>Modicon (M340, M580, M221, M241, M251, etc.)<\/li><li>Magelis HMI<\/li><\/ol><\/li><li>Wonderware InTouch<\/li><li>CoDeSyS systems<\/li><\/ol><\/li><li>Integriranje i programiranje pogona razli\u010ditih proizvo\u0111a\u010da<ol><li>Siemens<ol><li>Sinamics (V90, G120, G150, S120, itd.)<\/li><li>MasterDrives<\/li><li>Simovert<\/li><\/ol><\/li><li>ABB<ol><li>Low voltage (DCS800, ACS150, ACS350, ACS380, ACS550, ACS800,etc.)<\/li><li>Medium voltage (ACS6000)<\/li><\/ol><\/li><li>Schneider<ol><li>Altivar (12, 61, 71, 212, 312, ATV 320, ATV340, itd.)<\/li><\/ol><\/li><li>Vacon<ol><li>100 series<\/li><li>NX series<\/li><\/ol><\/li><li>Siko drives<\/li><li>Desoutter drives<\/li><li>Murr Elektronik<\/li><li>Festo<\/li><\/ol><\/li><li>Ispitivanje i pu\u0161tanje u rad strojeva, pogona, sustava<\/li><li>Kontrola kvalitete<\/li><li>Optimizacija i odr\u017eavanje<\/li><\/ol>\t\t\t\t\t\t\t\t<\/div>\n\t\t\t\t<\/div>\n\t\t\t\t\t<\/div>\n\t\t\t\t<\/div>\n\t\t\t\t\t<\/div>\n\t\t\t\t<\/div>\n\t\t<div class=\"elementor-element elementor-element-d6a94e8 e-flex e-con-boxed elementor-invisible e-con e-parent\" data-id=\"d6a94e8\" data-element_type=\"container\" data-settings=\"{&quot;animation&quot;:&quot;fadeIn&quot;}\">\n\t\t\t\t\t<div class=\"e-con-inner\">\n\t\t<div class=\"elementor-element elementor-element-8d80ac6 e-flex e-con-boxed e-con e-child\" data-id=\"8d80ac6\" data-element_type=\"container\">\n\t\t\t\t\t<div class=\"e-con-inner\">\n\t\t\t\t<div class=\"elementor-element elementor-element-0c4a01c elementor-widget elementor-widget-heading\" data-id=\"0c4a01c\" data-element_type=\"widget\" data-widget_type=\"heading.default\">\n\t\t\t\t<div class=\"elementor-widget-container\">\n\t\t\t\t\t<h2 class=\"elementor-heading-title elementor-size-default\">Proizvodnja<\/h2>\t\t\t\t<\/div>\n\t\t\t\t<\/div>\n\t\t\t\t<div class=\"elementor-element elementor-element-7f7a87f elementor-widget elementor-widget-text-editor\" data-id=\"7f7a87f\" data-element_type=\"widget\" data-widget_type=\"text-editor.default\">\n\t\t\t\t<div class=\"elementor-widget-container\">\n\t\t\t\t\t\t\t\t\t<h6>Isporu\u010dujemo upravlja\u010dke i distribucijske niskonaponske (NN) elektro ormare raznih namjena.<\/h6>\t\t\t\t\t\t\t\t<\/div>\n\t\t\t\t<\/div>\n\t\t\t\t<div class=\"elementor-element elementor-element-b091818 ies_very-fancy-list elementor-widget elementor-widget-text-editor\" data-id=\"b091818\" data-element_type=\"widget\" data-widget_type=\"text-editor.default\">\n\t\t\t\t<div class=\"elementor-widget-container\">\n\t\t\t\t\t\t\t\t\t<ol><li>PLC i DCS ormari za strojeve, proizvodne linije i automatizaciju postrojenja<\/li><li>Ormari za kontrolu, za\u0161titu i mjerenje za proizvodnju, prijenos i distribuciju elektri\u010dne energije<\/li><li>Prekida\u010di za razvodne ure\u0111aje niskog napona raznih konfiguracija<\/li><li>Ormari za upravlja\u010dke centre za motore (MCC)<\/li><li>Ormari za regulirane elektromotorne pogone (Drives)<\/li><li>Zidni i samostoje\u0107i elektro ormari<\/li><li>Razvodne kutije i ostale mehani\u010dke i elektri\u010dne komunikacijske komponente<\/li><\/ol>\t\t\t\t\t\t\t\t<\/div>\n\t\t\t\t<\/div>\n\t\t\t\t\t<\/div>\n\t\t\t\t<\/div>\n\t\t<div class=\"elementor-element elementor-element-0931da7 e-flex e-con-boxed e-con e-child\" data-id=\"0931da7\" data-element_type=\"container\">\n\t\t\t\t\t<div class=\"e-con-inner\">\n\t\t\t\t<div class=\"elementor-element elementor-element-603cf16 elementor-widget elementor-widget-image\" data-id=\"603cf16\" data-element_type=\"widget\" data-widget_type=\"image.default\">\n\t\t\t\t<div class=\"elementor-widget-container\">\n\t\t\t\t\t\t\t\t\t\t\t\t\t\t\t<img decoding=\"async\" width=\"642\" height=\"740\" src=\"https:\/\/ies.hr\/wp-content\/uploads\/2023\/06\/I.E.S-7-min.png\" class=\"attachment-full size-full wp-image-487\" alt=\"\" srcset=\"https:\/\/ies.hr\/wp-content\/uploads\/2023\/06\/I.E.S-7-min.png 642w, https:\/\/ies.hr\/wp-content\/uploads\/2023\/06\/I.E.S-7-min-600x692.png 600w, https:\/\/ies.hr\/wp-content\/uploads\/2023\/06\/I.E.S-7-min-260x300.png 260w\" sizes=\"(max-width: 642px) 100vw, 642px\" \/>\t\t\t\t\t\t\t\t\t\t\t\t\t\t\t<\/div>\n\t\t\t\t<\/div>\n\t\t\t\t\t<\/div>\n\t\t\t\t<\/div>\n\t\t\t\t\t<\/div>\n\t\t\t\t<\/div>\n\t\t<div class=\"elementor-element elementor-element-6dd367e e-flex e-con-boxed elementor-invisible e-con e-parent\" data-id=\"6dd367e\" data-element_type=\"container\" data-settings=\"{&quot;animation&quot;:&quot;fadeIn&quot;}\">\n\t\t\t\t\t<div class=\"e-con-inner\">\n\t\t<div class=\"elementor-element elementor-element-af26d02 e-flex e-con-boxed e-con e-child\" data-id=\"af26d02\" data-element_type=\"container\">\n\t\t\t\t\t<div class=\"e-con-inner\">\n\t\t\t\t<div class=\"elementor-element elementor-element-06c0b8c elementor-widget elementor-widget-image\" data-id=\"06c0b8c\" data-element_type=\"widget\" data-widget_type=\"image.default\">\n\t\t\t\t<div class=\"elementor-widget-container\">\n\t\t\t\t\t\t\t\t\t\t\t\t\t\t\t<img loading=\"lazy\" decoding=\"async\" width=\"760\" height=\"509\" src=\"https:\/\/ies.hr\/wp-content\/uploads\/2023\/06\/I.E.S-1-min.png\" class=\"attachment-full size-full wp-image-488\" alt=\"\" srcset=\"https:\/\/ies.hr\/wp-content\/uploads\/2023\/06\/I.E.S-1-min.png 760w, https:\/\/ies.hr\/wp-content\/uploads\/2023\/06\/I.E.S-1-min-600x402.png 600w, https:\/\/ies.hr\/wp-content\/uploads\/2023\/06\/I.E.S-1-min-300x201.png 300w\" sizes=\"(max-width: 760px) 100vw, 760px\" \/>\t\t\t\t\t\t\t\t\t\t\t\t\t\t\t<\/div>\n\t\t\t\t<\/div>\n\t\t\t\t\t<\/div>\n\t\t\t\t<\/div>\n\t\t<div class=\"elementor-element elementor-element-57b4dd5 e-flex e-con-boxed e-con e-child\" data-id=\"57b4dd5\" data-element_type=\"container\">\n\t\t\t\t\t<div class=\"e-con-inner\">\n\t\t\t\t<div class=\"elementor-element elementor-element-8594517 elementor-widget elementor-widget-heading\" data-id=\"8594517\" data-element_type=\"widget\" data-widget_type=\"heading.default\">\n\t\t\t\t<div class=\"elementor-widget-container\">\n\t\t\t\t\t<h2 class=\"elementor-heading-title elementor-size-default\">Odr\u017eavanje i optimizacija proizvodnih pogona<\/h2>\t\t\t\t<\/div>\n\t\t\t\t<\/div>\n\t\t\t\t<div class=\"elementor-element elementor-element-75758d4 elementor-widget elementor-widget-text-editor\" data-id=\"75758d4\" data-element_type=\"widget\" data-widget_type=\"text-editor.default\">\n\t\t\t\t<div class=\"elementor-widget-container\">\n\t\t\t\t\t\t\t\t\t<h6>Na\u0161a podr\u0161ka kupcima mo\u017ee uklju\u010divati periodi\u010dno i\/ili interventno odr\u017eavanje sustava automatizacije i reguliranih elektromotornih pogona.<\/h6>\t\t\t\t\t\t\t\t<\/div>\n\t\t\t\t<\/div>\n\t\t\t\t<div class=\"elementor-element elementor-element-ce0f1c7 ies_very-fancy-list elementor-widget elementor-widget-text-editor\" data-id=\"ce0f1c7\" data-element_type=\"widget\" data-widget_type=\"text-editor.default\">\n\t\t\t\t<div class=\"elementor-widget-container\">\n\t\t\t\t\t\t\t\t\t<ol><li>On-line and on-site podr\u0161ka kupcima<\/li><li>Odr\u017eavanje sustava isporu\u010denih od strane IES-a kao i ve\u0107 postoje\u0107ih sustava drugih dobavlja\u010da<\/li><li>Dijagnostika i otklanjanje gre\u0161aka<\/li><li>Nadogradnje postoje\u0107eg sustava<\/li><li>Pra\u0107enje i optimizacija proizvodnih procesa<\/li><li>Izrada periodi\u010dnih sigurnosnih kopija PLC-a, DCS-a, SCADA-e, itd.<\/li><\/ol>\t\t\t\t\t\t\t\t<\/div>\n\t\t\t\t<\/div>\n\t\t\t\t\t<\/div>\n\t\t\t\t<\/div>\n\t\t\t\t\t<\/div>\n\t\t\t\t<\/div>\n\t\t\t\t<\/div>","protected":false},"excerpt":{"rendered":"<p>Our services include integration, design and programming of automation systems and electric drives from various manufacturers, creation of electrical blueprints, and commissioning and supervision in production facilities. Engineering and Design Our experience is gathered in projects of various industries such as automotive, metal, paper, power plants, waste water, marine, etc. Preparation of bidding documents, consulting [&hellip;]<\/p>","protected":false},"author":1,"featured_media":0,"parent":0,"menu_order":0,"comment_status":"closed","ping_status":"closed","template":"elementor_header_footer","meta":{"_acf_changed":false,"inline_featured_image":false,"footnotes":""},"class_list":["post-248","page","type-page","status-publish","hentry"],"acf":[],"yoast_head":"<!-- This site is optimized with the Yoast SEO plugin v26.4 - https:\/\/yoast.com\/wordpress\/plugins\/seo\/ -->\n<title>Services &#8211; Intelligent Engineering Solutions<\/title>\n<meta name=\"robots\" content=\"index, follow, max-snippet:-1, max-image-preview:large, max-video-preview:-1\" \/>\n<link rel=\"canonical\" href=\"https:\/\/ies.hr\/hr\/services\/\" \/>\n<meta property=\"og:locale\" content=\"hr_HR\" \/>\n<meta property=\"og:type\" content=\"article\" \/>\n<meta property=\"og:title\" content=\"Services &#8211; Intelligent Engineering Solutions\" \/>\n<meta property=\"og:description\" content=\"Our services include integration, design and programming of automation systems and electric drives from various manufacturers, creation of electrical blueprints, and commissioning and supervision in production facilities. Engineering and Design Our experience is gathered in projects of various industries such as automotive, metal, paper, power plants, waste water, marine, etc. Preparation of bidding documents, consulting [&hellip;]\" \/>\n<meta property=\"og:url\" content=\"https:\/\/ies.hr\/hr\/services\/\" \/>\n<meta property=\"og:site_name\" content=\"Intelligent Engineering Solutions\" \/>\n<meta property=\"article:modified_time\" content=\"2023-07-07T10:33:25+00:00\" \/>\n<meta property=\"og:image\" content=\"https:\/\/ies.hr\/wp-content\/uploads\/2023\/06\/I.E.S-6-min.jpg\" \/>\n<meta name=\"twitter:card\" content=\"summary_large_image\" \/>\n<meta name=\"twitter:label1\" content=\"Procijenjeno vrijeme \u010ditanja\" \/>\n\t<meta name=\"twitter:data1\" content=\"2 minute\" \/>\n<script type=\"application\/ld+json\" class=\"yoast-schema-graph\">{\"@context\":\"https:\/\/schema.org\",\"@graph\":[{\"@type\":\"WebPage\",\"@id\":\"https:\/\/ies.hr\/services\/\",\"url\":\"https:\/\/ies.hr\/services\/\",\"name\":\"Services &#8211; Intelligent Engineering Solutions\",\"isPartOf\":{\"@id\":\"https:\/\/ies.hr\/#website\"},\"primaryImageOfPage\":{\"@id\":\"https:\/\/ies.hr\/services\/#primaryimage\"},\"image\":{\"@id\":\"https:\/\/ies.hr\/services\/#primaryimage\"},\"thumbnailUrl\":\"https:\/\/ies.hr\/wp-content\/uploads\/2023\/06\/I.E.S-6-min.jpg\",\"datePublished\":\"2023-06-19T10:04:05+00:00\",\"dateModified\":\"2023-07-07T10:33:25+00:00\",\"breadcrumb\":{\"@id\":\"https:\/\/ies.hr\/services\/#breadcrumb\"},\"inLanguage\":\"hr\",\"potentialAction\":[{\"@type\":\"ReadAction\",\"target\":[\"https:\/\/ies.hr\/services\/\"]}]},{\"@type\":\"ImageObject\",\"inLanguage\":\"hr\",\"@id\":\"https:\/\/ies.hr\/services\/#primaryimage\",\"url\":\"https:\/\/ies.hr\/wp-content\/uploads\/2023\/06\/I.E.S-6-min.jpg\",\"contentUrl\":\"https:\/\/ies.hr\/wp-content\/uploads\/2023\/06\/I.E.S-6-min.jpg\"},{\"@type\":\"BreadcrumbList\",\"@id\":\"https:\/\/ies.hr\/services\/#breadcrumb\",\"itemListElement\":[{\"@type\":\"ListItem\",\"position\":1,\"name\":\"Home\",\"item\":\"https:\/\/ies.hr\/\"},{\"@type\":\"ListItem\",\"position\":2,\"name\":\"Services\"}]},{\"@type\":\"WebSite\",\"@id\":\"https:\/\/ies.hr\/#website\",\"url\":\"https:\/\/ies.hr\/\",\"name\":\"Intelligent Engineering Solutions\",\"description\":\"INTELLIGENT SOLUTIONS in industrial automation\",\"publisher\":{\"@id\":\"https:\/\/ies.hr\/#organization\"},\"potentialAction\":[{\"@type\":\"SearchAction\",\"target\":{\"@type\":\"EntryPoint\",\"urlTemplate\":\"https:\/\/ies.hr\/?s={search_term_string}\"},\"query-input\":{\"@type\":\"PropertyValueSpecification\",\"valueRequired\":true,\"valueName\":\"search_term_string\"}}],\"inLanguage\":\"hr\"},{\"@type\":\"Organization\",\"@id\":\"https:\/\/ies.hr\/#organization\",\"name\":\"I.E.S.\",\"alternateName\":\"Intelligent Engineering Solutions\",\"url\":\"https:\/\/ies.hr\/\",\"logo\":{\"@type\":\"ImageObject\",\"inLanguage\":\"hr\",\"@id\":\"https:\/\/ies.hr\/#\/schema\/logo\/image\/\",\"url\":\"https:\/\/ies.hr\/wp-content\/uploads\/2023\/05\/ies-logo-blue-full.svg\",\"contentUrl\":\"https:\/\/ies.hr\/wp-content\/uploads\/2023\/05\/ies-logo-blue-full.svg\",\"width\":1,\"height\":1,\"caption\":\"I.E.S.\"},\"image\":{\"@id\":\"https:\/\/ies.hr\/#\/schema\/logo\/image\/\"},\"sameAs\":[\"https:\/\/hr.linkedin.com\/company\/i-e-s-engineering-d-o-o\"]}]}<\/script>\n<!-- \/ Yoast SEO plugin. -->","yoast_head_json":{"title":"Services &#8211; Intelligent Engineering Solutions","robots":{"index":"index","follow":"follow","max-snippet":"max-snippet:-1","max-image-preview":"max-image-preview:large","max-video-preview":"max-video-preview:-1"},"canonical":"https:\/\/ies.hr\/hr\/services\/","og_locale":"hr_HR","og_type":"article","og_title":"Services &#8211; Intelligent Engineering Solutions","og_description":"Our services include integration, design and programming of automation systems and electric drives from various manufacturers, creation of electrical blueprints, and commissioning and supervision in production facilities. Engineering and Design Our experience is gathered in projects of various industries such as automotive, metal, paper, power plants, waste water, marine, etc. Preparation of bidding documents, consulting [&hellip;]","og_url":"https:\/\/ies.hr\/hr\/services\/","og_site_name":"Intelligent Engineering Solutions","article_modified_time":"2023-07-07T10:33:25+00:00","og_image":[{"url":"https:\/\/ies.hr\/wp-content\/uploads\/2023\/06\/I.E.S-6-min.jpg","type":"","width":"","height":""}],"twitter_card":"summary_large_image","twitter_misc":{"Procijenjeno vrijeme \u010ditanja":"2 minute"},"schema":{"@context":"https:\/\/schema.org","@graph":[{"@type":"WebPage","@id":"https:\/\/ies.hr\/services\/","url":"https:\/\/ies.hr\/services\/","name":"Services &#8211; Intelligent Engineering Solutions","isPartOf":{"@id":"https:\/\/ies.hr\/#website"},"primaryImageOfPage":{"@id":"https:\/\/ies.hr\/services\/#primaryimage"},"image":{"@id":"https:\/\/ies.hr\/services\/#primaryimage"},"thumbnailUrl":"https:\/\/ies.hr\/wp-content\/uploads\/2023\/06\/I.E.S-6-min.jpg","datePublished":"2023-06-19T10:04:05+00:00","dateModified":"2023-07-07T10:33:25+00:00","breadcrumb":{"@id":"https:\/\/ies.hr\/services\/#breadcrumb"},"inLanguage":"hr","potentialAction":[{"@type":"ReadAction","target":["https:\/\/ies.hr\/services\/"]}]},{"@type":"ImageObject","inLanguage":"hr","@id":"https:\/\/ies.hr\/services\/#primaryimage","url":"https:\/\/ies.hr\/wp-content\/uploads\/2023\/06\/I.E.S-6-min.jpg","contentUrl":"https:\/\/ies.hr\/wp-content\/uploads\/2023\/06\/I.E.S-6-min.jpg"},{"@type":"BreadcrumbList","@id":"https:\/\/ies.hr\/services\/#breadcrumb","itemListElement":[{"@type":"ListItem","position":1,"name":"Home","item":"https:\/\/ies.hr\/"},{"@type":"ListItem","position":2,"name":"Services"}]},{"@type":"WebSite","@id":"https:\/\/ies.hr\/#website","url":"https:\/\/ies.hr\/","name":"Intelligent Engineering Solutions","description":"INTELLIGENT SOLUTIONS in industrial automation","publisher":{"@id":"https:\/\/ies.hr\/#organization"},"potentialAction":[{"@type":"SearchAction","target":{"@type":"EntryPoint","urlTemplate":"https:\/\/ies.hr\/?s={search_term_string}"},"query-input":{"@type":"PropertyValueSpecification","valueRequired":true,"valueName":"search_term_string"}}],"inLanguage":"hr"},{"@type":"Organization","@id":"https:\/\/ies.hr\/#organization","name":"I.E.S.","alternateName":"Intelligent Engineering Solutions","url":"https:\/\/ies.hr\/","logo":{"@type":"ImageObject","inLanguage":"hr","@id":"https:\/\/ies.hr\/#\/schema\/logo\/image\/","url":"https:\/\/ies.hr\/wp-content\/uploads\/2023\/05\/ies-logo-blue-full.svg","contentUrl":"https:\/\/ies.hr\/wp-content\/uploads\/2023\/05\/ies-logo-blue-full.svg","width":1,"height":1,"caption":"I.E.S."},"image":{"@id":"https:\/\/ies.hr\/#\/schema\/logo\/image\/"},"sameAs":["https:\/\/hr.linkedin.com\/company\/i-e-s-engineering-d-o-o"]}]}},"_links":{"self":[{"href":"https:\/\/ies.hr\/hr\/wp-json\/wp\/v2\/pages\/248","targetHints":{"allow":["GET"]}}],"collection":[{"href":"https:\/\/ies.hr\/hr\/wp-json\/wp\/v2\/pages"}],"about":[{"href":"https:\/\/ies.hr\/hr\/wp-json\/wp\/v2\/types\/page"}],"author":[{"embeddable":true,"href":"https:\/\/ies.hr\/hr\/wp-json\/wp\/v2\/users\/1"}],"replies":[{"embeddable":true,"href":"https:\/\/ies.hr\/hr\/wp-json\/wp\/v2\/comments?post=248"}],"version-history":[{"count":1,"href":"https:\/\/ies.hr\/hr\/wp-json\/wp\/v2\/pages\/248\/revisions"}],"predecessor-version":[{"id":2682,"href":"https:\/\/ies.hr\/hr\/wp-json\/wp\/v2\/pages\/248\/revisions\/2682"}],"wp:attachment":[{"href":"https:\/\/ies.hr\/hr\/wp-json\/wp\/v2\/media?parent=248"}],"curies":[{"name":"wp","href":"https:\/\/api.w.org\/{rel}","templated":true}]}}